{"id":10559,"date":"2022-05-17T02:30:28","date_gmt":"2022-05-17T02:30:28","guid":{"rendered":"https:\/\/autoshowroom.templaza.net\/?page_id=10559"},"modified":"2025-12-02T10:18:20","modified_gmt":"2025-12-02T09:18:20","slug":"tortenetunk","status":"publish","type":"page","link":"https:\/\/teszt.autocentrumtorokbalint.hu\/wpteszt\/tortenetunk\/","title":{"rendered":"T\u00f6rt\u00e9net\u00fcnk"},"content":{"rendered":"\t\t<div data-elementor-type=\"wp-page\" data-elementor-id=\"10559\" class=\"elementor elementor-10559\" data-elementor-post-type=\"page\">\n\t\t\t\t\t\t<section class=\"elementor-section elementor-top-section elementor-element elementor-element-ba9cac7 elementor-section-boxed elementor-section-height-default elementor-section-height-default\" data-id=\"ba9cac7\" data-element_type=\"section\">\n\t\t\t\t\t\t<div class=\"elementor-container elementor-column-gap-no\">\n\t\t\t\t\t<div class=\"elementor-column elementor-col-100 elementor-top-column elementor-element elementor-element-11a1ba3\" data-id=\"11a1ba3\" data-element_type=\"column\">\n\t\t\t<div class=\"elementor-widget-wrap elementor-element-populated\">\n\t\t\t\t\t\t<div class=\"elementor-element elementor-element-8b534e0 elementor-widget elementor-widget-uipro-heading\" data-id=\"8b534e0\" data-element_type=\"widget\" data-widget_type=\"uipro-heading.default\">\n\t\t\t\t<div class=\"elementor-widget-container\">\n\t\t\t\t\t<div class=\"templaza-parallax templaza-widget-heading template-base\">    <div data-scroll  class=\"sc_heading uk-flex uk-flex-column uk-position-relative center \"><h2 class=\"title uk-h2 uk-margin-custom\"><span class=\"heading-highlighted-wrapper\"><span class=\"heading-plain-text\">Hitvall\u00e1sunk<\/span><\/span><\/h2><div class=\"line_style2 uk-flex uk-flex-column \"><span class=\"line-before\"><\/span> <span class=\"line\"><\/span><span class=\"line-after\"><\/span> <\/div><\/div><\/div>\t\t\t\t<\/div>\n\t\t\t\t<\/div>\n\t\t\t\t<div class=\"elementor-element elementor-element-b48e773 elementor-widget elementor-widget-text-editor\" data-id=\"b48e773\" data-element_type=\"widget\" data-widget_type=\"text-editor.default\">\n\t\t\t\t\t\t\t\t\t<p>Az <strong>Aut\u00f3centrum T\u00f6r\u00f6kb\u00e1lint by B&amp;H<\/strong> nagyon egyszer\u0171 okb\u00f3l sz\u00fcletett:<br \/><strong>nem tetszett, ahogyan az aut\u00f3piac m\u0171k\u00f6dik Magyarorsz\u00e1gon.<\/strong><\/p><p>T\u00fal sok a bizonytalan el\u0151\u00e9let, a cs\u00fasztatott inform\u00e1ci\u00f3 \u00e9s a \u201ej\u00f3 lesz \u00edgy is\u201d hozz\u00e1\u00e1ll\u00e1s. Mi nem ezt akartuk k\u00f6vetni.<\/p><p>Mi <strong>biztons\u00e1got<\/strong>, <strong>\u00e1tl\u00e1that\u00f3s\u00e1got<\/strong> \u00e9s <strong>val\u00f3di min\u0151s\u00e9get<\/strong> akartunk adni \u2014 \u00e9s egy olyan aut\u00f3v\u00e1s\u00e1rl\u00e1si \u00e9lm\u00e9nyt, ami ut\u00e1n <strong>j\u00f3 \u00e9rz\u00e9s be\u00fclni az aut\u00f3ba.<\/strong><\/p><p>Mi m\u00e1st k\u00e9pvisel\u00fcnk:<\/p><ul><li><strong>bizalom<\/strong><\/li><li><strong>\u00e1tl\u00e1that\u00f3s\u00e1g<\/strong><\/li><li><strong>min\u0151s\u00e9g<\/strong><\/li><li><strong>szakmai tisztess\u00e9g<\/strong><\/li><\/ul><p>A B&amp;H m\u00e1r 2019 \u00f3ta m\u0171k\u00f6dik, \u00e9s <strong>t\u00f6bb mint 1100 sikeres ad\u00e1sv\u00e9teln\u00e9l<\/strong> k\u00eds\u00e9rt\u00fck v\u00e9gig \u00fcgyfeleinket.<br \/>Ez a tapasztalat \u00e9s szeml\u00e9let \u00e9rkezett most Magyarorsz\u00e1gra.<\/p>\t\t\t\t\t\t\t\t<\/div>\n\t\t\t\t\t<\/div>\n\t\t<\/div>\n\t\t\t\t\t<\/div>\n\t\t<\/section>\n\t\t\t\t<section class=\"elementor-section elementor-top-section elementor-element elementor-element-613b935 elementor-section-boxed elementor-section-height-default elementor-section-height-default\" data-id=\"613b935\" data-element_type=\"section\">\n\t\t\t\t\t\t<div class=\"elementor-container elementor-column-gap-no\">\n\t\t\t\t\t<div class=\"elementor-column elementor-col-100 elementor-top-column elementor-element elementor-element-adcfc18\" data-id=\"adcfc18\" data-element_type=\"column\">\n\t\t\t<div class=\"elementor-widget-wrap elementor-element-populated\">\n\t\t\t\t\t\t<div class=\"elementor-element elementor-element-7272d38 elementor-widget elementor-widget-uipro-uigallery\" data-id=\"7272d38\" data-element_type=\"widget\" data-widget_type=\"uipro-uigallery.default\">\n\t\t\t\t<div class=\"elementor-widget-container\">\n\t\t\t\t\t<div class=\"templaza-parallax templaza-widget-uigallery template-base\"><div class=\"ui-gallery\"><div class=\"ui-gallery-inner uk-text-center uk-flex-center\"><div class=\"\"><div class=\"uk-grid ui-gallery-items uk-child-width-1-2@xl uk-child-width-1-2@l uk-child-width-1-2@m uk-child-width-1-2@s uk-child-width-1-1\" data-uk-grid=\"\"><article data-tag=\"\"><div class=\"uk-article uk-card uk-overflow-hidden uk-transition-toggle\"><div class=\"ui-gallery-thumbnail uk-display-block uk-card-media-top tz-image-cover\"><img fetchpriority=\"high\" decoding=\"async\" width=\"580\" height=\"386\" src=\"https:\/\/teszt.autocentrumtorokbalint.hu\/wpteszt\/wp-content\/uploads\/2022\/10\/pexels-louis-1320815-1024x682.jpg\" class=\"\" alt=\"\" srcset=\"https:\/\/teszt.autocentrumtorokbalint.hu\/wpteszt\/wp-content\/uploads\/2022\/10\/pexels-louis-1320815-1024x682.jpg 1024w, https:\/\/teszt.autocentrumtorokbalint.hu\/wpteszt\/wp-content\/uploads\/2022\/10\/pexels-louis-1320815-300x200.jpg 300w, https:\/\/teszt.autocentrumtorokbalint.hu\/wpteszt\/wp-content\/uploads\/2022\/10\/pexels-louis-1320815-768x512.jpg 768w, https:\/\/teszt.autocentrumtorokbalint.hu\/wpteszt\/wp-content\/uploads\/2022\/10\/pexels-louis-1320815.jpg 1280w\" sizes=\"(max-width: 580px) 100vw, 580px\" \/><\/div><div class=\"uk-position-cover uk-overlay uk-overlay-primary uk-transition-fade\"><\/div><div class=\"ui-gallery-info-wrap  uk-position-bottom uk-light uk-transition-scale-up\"><div class=\" uk-card-body\"><div class=\"ui-gallery-item-caption uk-article-meta uk-margin-remove-top uk-margin-small-bottom\"><\/div><h3 class=\"ui-title uk-margin-remove-top uk-h3 uk-margin-remove-bottom\">GERMANY<\/h3><\/div><\/div><a class=\"uk-position-cover\" href=\"https:\/\/teszt.autocentrumtorokbalint.hu\/wpteszt\/wp-content\/uploads\/2022\/10\/pexels-louis-1320815.jpg\" data-elementor-open-lightbox=\"yes\" data-elementor-lightbox-slideshow=\"7272d38\" data-elementor-lightbox-title=\"GERMANY\" data-elementor-lightbox-description=\"\"><\/a><\/div><\/article><article data-tag=\"\"><div class=\"uk-article uk-card uk-overflow-hidden uk-transition-toggle\"><div class=\"ui-gallery-thumbnail uk-display-block uk-card-media-top tz-image-cover\"><img decoding=\"async\" width=\"580\" height=\"338\" src=\"https:\/\/teszt.autocentrumtorokbalint.hu\/wpteszt\/wp-content\/uploads\/2022\/08\/erik-mclean-KJrKPXp2Fts-unsplash-1024x597.jpg\" class=\"\" alt=\"\" srcset=\"https:\/\/teszt.autocentrumtorokbalint.hu\/wpteszt\/wp-content\/uploads\/2022\/08\/erik-mclean-KJrKPXp2Fts-unsplash-1024x597.jpg 1024w, https:\/\/teszt.autocentrumtorokbalint.hu\/wpteszt\/wp-content\/uploads\/2022\/08\/erik-mclean-KJrKPXp2Fts-unsplash-300x175.jpg 300w, https:\/\/teszt.autocentrumtorokbalint.hu\/wpteszt\/wp-content\/uploads\/2022\/08\/erik-mclean-KJrKPXp2Fts-unsplash-768x448.jpg 768w, https:\/\/teszt.autocentrumtorokbalint.hu\/wpteszt\/wp-content\/uploads\/2022\/08\/erik-mclean-KJrKPXp2Fts-unsplash.jpg 1200w\" sizes=\"(max-width: 580px) 100vw, 580px\" \/><\/div><div class=\"uk-position-cover uk-overlay uk-overlay-primary uk-transition-fade\"><\/div><div class=\"ui-gallery-info-wrap  uk-position-bottom uk-light uk-transition-scale-up\"><div class=\" uk-card-body\"><div class=\"ui-gallery-item-caption uk-article-meta uk-margin-remove-top uk-margin-small-bottom\"><\/div><h3 class=\"ui-title uk-margin-remove-top uk-h3 uk-margin-remove-bottom\">United States<\/h3><\/div><\/div><a class=\"uk-position-cover\" href=\"https:\/\/teszt.autocentrumtorokbalint.hu\/wpteszt\/wp-content\/uploads\/2022\/08\/erik-mclean-KJrKPXp2Fts-unsplash.jpg\" data-elementor-open-lightbox=\"yes\" data-elementor-lightbox-slideshow=\"7272d38\" data-elementor-lightbox-title=\"United States\" data-elementor-lightbox-description=\"\"><\/a><\/div><\/article><\/div><\/div><\/div><\/div><\/div>\t\t\t\t<\/div>\n\t\t\t\t<\/div>\n\t\t\t\t\t<\/div>\n\t\t<\/div>\n\t\t\t\t\t<\/div>\n\t\t<\/section>\n\t\t\t\t<section class=\"elementor-section elementor-top-section elementor-element elementor-element-d976dc8 elementor-section-boxed elementor-section-height-default elementor-section-height-default\" data-id=\"d976dc8\" data-element_type=\"section\" data-settings=\"{&quot;background_background&quot;:&quot;classic&quot;}\">\n\t\t\t\t\t\t<div class=\"elementor-container elementor-column-gap-no\">\n\t\t\t\t\t<div class=\"elementor-column elementor-col-100 elementor-top-column elementor-element elementor-element-6fbc0c4\" data-id=\"6fbc0c4\" data-element_type=\"column\">\n\t\t\t<div class=\"elementor-widget-wrap elementor-element-populated\">\n\t\t\t\t\t\t<div class=\"elementor-element elementor-element-b392d56 elementor-widget elementor-widget-uipro-heading\" data-id=\"b392d56\" data-element_type=\"widget\" data-widget_type=\"uipro-heading.default\">\n\t\t\t\t<div class=\"elementor-widget-container\">\n\t\t\t\t\t<div class=\"templaza-parallax templaza-widget-heading template-base\">    <div data-scroll  class=\"sc_heading uk-flex uk-flex-column uk-position-relative center \"><h2 class=\"title uk-h2 uk-margin-custom\"><span class=\"heading-highlighted-wrapper\"><span class=\"heading-plain-text\">T\u00f6rt\u00e9net\u00fcnk<\/span><\/span><\/h2><div class=\"line_style2 uk-flex uk-flex-column \"><span class=\"line-before\"><\/span> <span class=\"line\"><\/span><span class=\"line-after\"><\/span> <\/div><\/div><\/div>\t\t\t\t<\/div>\n\t\t\t\t<\/div>\n\t\t\t\t<div class=\"elementor-element elementor-element-a98739d elementor-widget elementor-widget-uipro-uitimeline\" data-id=\"a98739d\" data-element_type=\"widget\" data-widget_type=\"uipro-uitimeline.default\">\n\t\t\t\t<div class=\"elementor-widget-container\">\n\t\t\t\t\t<div class=\"templaza-parallax templaza-widget-uitimeline template-base\"><div class=\"ui-timeline\"><div class=\"ui-timeline-inner\"><div id=\"dateline-a98739d\" class=\"ui-dateline uk-position-relative uk-margin-medium-bottom\" data-uk-slider=\"finite:true\"><ul class=\"uk-slider-items uk-grid uk-child-width-1-5@xl uk-child-width-1-5@l uk-child-width-1-3@m uk-child-width-1-3@s uk-child-width-1-2\"><li><div class=\"ui-timeline-date uk-flex uk-flex-center\"><a class=\"uk-flex uk-flex-column uk-flex-middle active\" data-item-index=\"0\" href=\"#\">2019<\/a><\/div><\/li><li><div class=\"ui-timeline-date uk-flex uk-flex-center\"><a class=\"uk-flex uk-flex-column uk-flex-middle\" data-item-index=\"1\" href=\"#\">2024<\/a><\/div><\/li><li><div class=\"ui-timeline-date uk-flex uk-flex-center\"><a class=\"uk-flex uk-flex-column uk-flex-middle\" data-item-index=\"2\" href=\"#\">2025<\/a><\/div><\/li><\/ul><\/div><div id=\"content-a98739d\" class=\"ui-timeline-content\" data-uk-slider=\"\"><div class=\"uk-position-relative\"><div class=\"uk-slider-container\"><ul class=\"uk-slider-items uk-child-width-1-1 uk-grid\"><li><div class=\"uk-card uk-card-default uk-grid-collapse uk-flex uk-flex-middle uk-child-width-1-2@m\" data-uk-grid><div class=\"uk-card-media-right uk-flex-last@m\"><div class=\"timeline-img image-box \"><img decoding=\"async\" width=\"580\" height=\"386\" src=\"https:\/\/teszt.autocentrumtorokbalint.hu\/wpteszt\/wp-content\/uploads\/2022\/10\/pexels-mike-b-2365572-1024x682.jpg\" class=\"attachment-large size-large\" alt=\"\" srcset=\"https:\/\/teszt.autocentrumtorokbalint.hu\/wpteszt\/wp-content\/uploads\/2022\/10\/pexels-mike-b-2365572-1024x682.jpg 1024w, https:\/\/teszt.autocentrumtorokbalint.hu\/wpteszt\/wp-content\/uploads\/2022\/10\/pexels-mike-b-2365572-300x200.jpg 300w, https:\/\/teszt.autocentrumtorokbalint.hu\/wpteszt\/wp-content\/uploads\/2022\/10\/pexels-mike-b-2365572-768x511.jpg 768w, https:\/\/teszt.autocentrumtorokbalint.hu\/wpteszt\/wp-content\/uploads\/2022\/10\/pexels-mike-b-2365572.jpg 1200w\" sizes=\"(max-width: 580px) 100vw, 580px\" \/><\/div><\/div><div class=\"uk-flex uk-flex-middle\"><div class=\"uk-card-body ui-timeline-content-wrap\"><h3 class=\"ui-timeline-title uk-card-title uk-margin-remove-top uk-h3 uk-margin-bottom\">N\u00e9metorsz\u00e1g<\/h3><div class=\"ui-timeline-description\"><p>Telephelyeinken olyan aut\u00f3kat v\u00e1logatunk, amiket lehet \u00e9s \u00e9rdemes megmutatni. Karbantartottak, leinform\u00e1lhat\u00f3k, dokument\u00e1lt szervizm\u00falttal rendelkeznek.<\/p><p><strong>T\u00f6bb mint 1100 sikeres \u00e1tad\u00e1s<\/strong> ut\u00e1n is ugyanaz a c\u00e9lunk:<\/p><ul><li>hogy a v\u00e1s\u00e1rl\u00f3 <strong>biztons\u00e1gban \u00e9rezze mag\u00e1t<\/strong><\/li><li>hogy az aut\u00f3 <strong>t\u00e9nyleg azt tudja, amit mondunk r\u00f3la<\/strong><\/li><li>\u00e9s hogy az \u00e1tad\u00e1s <strong>kultur\u00e1lt, nyugodt, szem\u00e9lyre szabott \u00e9lm\u00e9ny<\/strong> legyen<\/li><\/ul><p>Mert sz\u00e1munkra az aut\u00f3 <strong>nem egy term\u00e9k<\/strong> \u2014<br \/>hanem egy d\u00f6nt\u00e9s, amelyet tisztelettel \u00e9s felel\u0151ss\u00e9ggel kell kiszolg\u00e1lni.<\/p><\/div><\/div><\/div><\/div><\/li><li><div class=\"uk-card uk-card-default uk-grid-collapse uk-flex uk-flex-middle uk-child-width-1-2@m\" data-uk-grid><div class=\"uk-card-media-right uk-flex-last@m\"><div class=\"timeline-img image-box \"><img loading=\"lazy\" decoding=\"async\" width=\"580\" height=\"387\" src=\"https:\/\/teszt.autocentrumtorokbalint.hu\/wpteszt\/wp-content\/uploads\/2022\/10\/erik-mclean-FAI7a7rTMWk-unsplash-1-1024x683.jpg\" class=\"attachment-large size-large\" alt=\"\" srcset=\"https:\/\/teszt.autocentrumtorokbalint.hu\/wpteszt\/wp-content\/uploads\/2022\/10\/erik-mclean-FAI7a7rTMWk-unsplash-1-1024x683.jpg 1024w, https:\/\/teszt.autocentrumtorokbalint.hu\/wpteszt\/wp-content\/uploads\/2022\/10\/erik-mclean-FAI7a7rTMWk-unsplash-1-300x200.jpg 300w, https:\/\/teszt.autocentrumtorokbalint.hu\/wpteszt\/wp-content\/uploads\/2022\/10\/erik-mclean-FAI7a7rTMWk-unsplash-1-768x512.jpg 768w, https:\/\/teszt.autocentrumtorokbalint.hu\/wpteszt\/wp-content\/uploads\/2022\/10\/erik-mclean-FAI7a7rTMWk-unsplash-1.jpg 1200w\" sizes=\"(max-width: 580px) 100vw, 580px\" \/><\/div><\/div><div class=\"uk-flex uk-flex-middle\"><div class=\"uk-card-body ui-timeline-content-wrap\"><h3 class=\"ui-timeline-title uk-card-title uk-margin-remove-top uk-h3 uk-margin-bottom\">Magyarorsz\u00e1g<\/h3><\/div><\/div><\/div><\/li><li><div class=\"uk-card uk-card-default uk-grid-collapse uk-flex uk-flex-middle uk-child-width-1-2@m\" data-uk-grid><div class=\"uk-card-media-right uk-flex-last@m\"><div class=\"timeline-img image-box \"><img loading=\"lazy\" decoding=\"async\" width=\"580\" height=\"387\" src=\"https:\/\/teszt.autocentrumtorokbalint.hu\/wpteszt\/wp-content\/uploads\/2022\/10\/gautier-salles-KCwixy8UxVY-unsplash-1-1024x683.jpg\" class=\"attachment-large size-large\" alt=\"\" srcset=\"https:\/\/teszt.autocentrumtorokbalint.hu\/wpteszt\/wp-content\/uploads\/2022\/10\/gautier-salles-KCwixy8UxVY-unsplash-1-1024x683.jpg 1024w, https:\/\/teszt.autocentrumtorokbalint.hu\/wpteszt\/wp-content\/uploads\/2022\/10\/gautier-salles-KCwixy8UxVY-unsplash-1-300x200.jpg 300w, https:\/\/teszt.autocentrumtorokbalint.hu\/wpteszt\/wp-content\/uploads\/2022\/10\/gautier-salles-KCwixy8UxVY-unsplash-1-768x512.jpg 768w, https:\/\/teszt.autocentrumtorokbalint.hu\/wpteszt\/wp-content\/uploads\/2022\/10\/gautier-salles-KCwixy8UxVY-unsplash-1.jpg 1200w\" sizes=\"(max-width: 580px) 100vw, 580px\" \/><\/div><\/div><div class=\"uk-flex uk-flex-middle\"><div class=\"uk-card-body ui-timeline-content-wrap\"><h3 class=\"ui-timeline-title uk-card-title uk-margin-remove-top uk-h3 uk-margin-bottom\">T\u00f6r\u00f6kb\u00e1lint<\/h3><\/div><\/div><\/div><\/li><\/ul><\/div><div class=\"uk-hidden@s uk-light\">\r\n            <a class=\"uk-position-center-left uk-position-small\" href=\"#\" data-uk-slidenav-previous data-uk-slider-item=\"previous\"><\/a>\r\n            <a class=\"uk-position-center-right uk-position-small\" href=\"#\" data-uk-slidenav-next data-uk-slider-item=\"next\"><\/a>\r\n        <\/div>\r\n\r\n        <div class=\"uk-visible@s\">\r\n            <a class=\"uk-position-center-left-out uk-position-small\" href=\"#\" data-uk-slidenav-previous data-uk-slider-item=\"previous\"><\/a>\r\n            <a class=\"uk-position-center-right-out uk-position-small\" href=\"#\" data-uk-slidenav-next data-uk-slider-item=\"next\"><\/a>\r\n        <\/div><\/div><\/div><\/div><\/div><\/div>\t\t\t\t<\/div>\n\t\t\t\t<\/div>\n\t\t\t\t<div class=\"elementor-element elementor-element-f1b86f0 elementor-widget elementor-widget-text-editor\" data-id=\"f1b86f0\" data-element_type=\"widget\" data-widget_type=\"text-editor.default\">\n\t\t\t\t\t\t\t\t\t<p>Az <strong>Aut\u00f3centrum T\u00f6r\u00f6kb\u00e1lint by B&amp;H<\/strong> nagyon egyszer\u0171 okb\u00f3l sz\u00fcletett:<br \/><strong>nem tetszett, ahogyan az aut\u00f3piac m\u0171k\u00f6dik Magyarorsz\u00e1gon.<\/strong><\/p><p>T\u00fal sok a bizonytalan el\u0151\u00e9let, a cs\u00fasztatott inform\u00e1ci\u00f3 \u00e9s a \u201ej\u00f3 lesz \u00edgy is\u201d hozz\u00e1\u00e1ll\u00e1s. Mi nem ezt akartuk k\u00f6vetni.<\/p><p>Mi <strong>biztons\u00e1got<\/strong>, <strong>\u00e1tl\u00e1that\u00f3s\u00e1got<\/strong> \u00e9s <strong>val\u00f3di min\u0151s\u00e9get<\/strong> akartunk adni \u2014 \u00e9s egy olyan aut\u00f3v\u00e1s\u00e1rl\u00e1si \u00e9lm\u00e9nyt, ami ut\u00e1n <strong>j\u00f3 \u00e9rz\u00e9s be\u00fclni az aut\u00f3ba.<\/strong><\/p>\t\t\t\t\t\t\t\t<\/div>\n\t\t\t\t\t<\/div>\n\t\t<\/div>\n\t\t\t\t\t<\/div>\n\t\t<\/section>\n\t\t\t\t<section class=\"elementor-section elementor-top-section elementor-element elementor-element-79ddb05 elementor-section-boxed elementor-section-height-default elementor-section-height-default\" data-id=\"79ddb05\" data-element_type=\"section\">\n\t\t\t\t\t\t<div class=\"elementor-container elementor-column-gap-no\">\n\t\t\t\t\t<div class=\"elementor-column elementor-col-100 elementor-top-column elementor-element elementor-element-b5c2e93\" data-id=\"b5c2e93\" data-element_type=\"column\">\n\t\t\t<div class=\"elementor-widget-wrap elementor-element-populated\">\n\t\t\t\t\t\t<div class=\"elementor-element elementor-element-e8ae502 elementor-widget elementor-widget-uipro-heading\" data-id=\"e8ae502\" data-element_type=\"widget\" data-widget_type=\"uipro-heading.default\">\n\t\t\t\t<div class=\"elementor-widget-container\">\n\t\t\t\t\t<div class=\"templaza-parallax templaza-widget-heading template-base\">    <div data-scroll  class=\"sc_heading uk-flex uk-flex-column uk-position-relative center \"><h2 class=\"title uk-h2 uk-margin-custom\"><span class=\"heading-highlighted-wrapper\"><span class=\"heading-plain-text\">Csapatunk<\/span><\/span><\/h2><div class=\"line_style2 uk-flex uk-flex-column \"><span class=\"line-before\"><\/span> <span class=\"line\"><\/span><span class=\"line-after\"><\/span> <\/div><\/div><\/div>\t\t\t\t<\/div>\n\t\t\t\t<\/div>\n\t\t\t\t<div class=\"elementor-element elementor-element-45b4f56 elementor-widget elementor-widget-uipro-uiposts\" data-id=\"45b4f56\" data-element_type=\"widget\" data-widget_type=\"uipro-uiposts.default\">\n\t\t\t\t<div class=\"elementor-widget-container\">\n\t\t\t\t\t<div class=\"templaza-parallax templaza-widget-uiposts template-base\"><div data-scroll class=\"ui-posts base our_team\"><div class=\"ui-posts-list-items \" data-uk-grid><div class=\"ui-posts-intro-item uk-width-1-1\"><div class=\"ui-posts-items-outer uk-dark uk-text-center uk-flex-center\"><div class=\"\"><div class=\"ui-post-items uk-child-width-1-3@xl uk-child-width-1-3@l uk-child-width-1-3@m uk-child-width-1-3@s uk-child-width-1-1 uk-grid-medium\" data-uk-grid=\"\"><article class=\" article-item\" data-tag=\"\" data-cat=\"ertekesito ugyvezeto\" data-date=\"2022-07-15\" data-hits=\"2\"><div class=\"uk-article uk-card   uk-card-default  uk-card-custom\"><a class=\"tz-img   uk-height-1-1 ui-post-thumbnail uk-display-block uk-card-media-top\" href=\"https:\/\/teszt.autocentrumtorokbalint.hu\/wpteszt\/our_team\/hollo-zsolt\/\"><img loading=\"lazy\" decoding=\"async\" width=\"1000\" height=\"1000\" src=\"https:\/\/teszt.autocentrumtorokbalint.hu\/wpteszt\/wp-content\/uploads\/2025\/12\/hollo_zsolt.jpg\" class=\"attachment-full size-full\" alt=\"\" srcset=\"https:\/\/teszt.autocentrumtorokbalint.hu\/wpteszt\/wp-content\/uploads\/2025\/12\/hollo_zsolt.jpg 1000w, https:\/\/teszt.autocentrumtorokbalint.hu\/wpteszt\/wp-content\/uploads\/2025\/12\/hollo_zsolt-300x300.jpg 300w, https:\/\/teszt.autocentrumtorokbalint.hu\/wpteszt\/wp-content\/uploads\/2025\/12\/hollo_zsolt-150x150.jpg 150w, https:\/\/teszt.autocentrumtorokbalint.hu\/wpteszt\/wp-content\/uploads\/2025\/12\/hollo_zsolt-768x768.jpg 768w, https:\/\/teszt.autocentrumtorokbalint.hu\/wpteszt\/wp-content\/uploads\/2025\/12\/hollo_zsolt-12x12.jpg 12w\" sizes=\"(max-width: 1000px) 100vw, 1000px\" \/> <\/a><div class=\"ui-post-info-wrap \"><div class=\" uk-card-body\"><h3 class=\"ui-title uk-margin-remove-top uk-h3 uk-margin-remove-bottom\"><a href=\"https:\/\/teszt.autocentrumtorokbalint.hu\/wpteszt\/our_team\/hollo-zsolt\/\">Holl\u00f3 Zsolt<\/a><\/h3><div class=\"ui-post-meta-middle uk-article-meta uk-margin-custom\" data-uk-margin><span class=\"ui-post-meta-category\"><a href=\"https:\/\/teszt.autocentrumtorokbalint.hu\/wpteszt\/our_team-category\/ertekesito\/\">\u00c9rt\u00e9kes\u00edt\u0151<\/a>, <a href=\"https:\/\/teszt.autocentrumtorokbalint.hu\/wpteszt\/our_team-category\/ugyvezeto\/\">\u00dcgyvezet\u0151<\/a><\/span><\/div><\/div><\/div><\/div><\/article><article class=\" article-item\" data-tag=\"\" data-cat=\"adminisztracio hitelugyintezes szamlazas\" data-date=\"2022-10-11\" data-hits=\"2\"><div class=\"uk-article uk-card   uk-card-default  uk-card-custom\"><a class=\"tz-img   uk-height-1-1 ui-post-thumbnail uk-display-block uk-card-media-top\" href=\"https:\/\/teszt.autocentrumtorokbalint.hu\/wpteszt\/our_team\/hollo-mirko-stefania\/\"><img loading=\"lazy\" decoding=\"async\" width=\"1000\" height=\"1000\" src=\"https:\/\/teszt.autocentrumtorokbalint.hu\/wpteszt\/wp-content\/uploads\/2025\/12\/hollo_mirko_stefania.jpg\" class=\"attachment-full size-full\" alt=\"\" srcset=\"https:\/\/teszt.autocentrumtorokbalint.hu\/wpteszt\/wp-content\/uploads\/2025\/12\/hollo_mirko_stefania.jpg 1000w, https:\/\/teszt.autocentrumtorokbalint.hu\/wpteszt\/wp-content\/uploads\/2025\/12\/hollo_mirko_stefania-300x300.jpg 300w, https:\/\/teszt.autocentrumtorokbalint.hu\/wpteszt\/wp-content\/uploads\/2025\/12\/hollo_mirko_stefania-150x150.jpg 150w, https:\/\/teszt.autocentrumtorokbalint.hu\/wpteszt\/wp-content\/uploads\/2025\/12\/hollo_mirko_stefania-768x768.jpg 768w, https:\/\/teszt.autocentrumtorokbalint.hu\/wpteszt\/wp-content\/uploads\/2025\/12\/hollo_mirko_stefania-12x12.jpg 12w\" sizes=\"(max-width: 1000px) 100vw, 1000px\" \/> <\/a><div class=\"ui-post-info-wrap \"><div class=\" uk-card-body\"><h3 class=\"ui-title uk-margin-remove-top uk-h3 uk-margin-remove-bottom\"><a href=\"https:\/\/teszt.autocentrumtorokbalint.hu\/wpteszt\/our_team\/hollo-mirko-stefania\/\">Holl\u00f3-Mirk\u00f3 Stef\u00e1nia<\/a><\/h3><div class=\"ui-post-meta-middle uk-article-meta uk-margin-custom\" data-uk-margin><span class=\"ui-post-meta-category\"><a href=\"https:\/\/teszt.autocentrumtorokbalint.hu\/wpteszt\/our_team-category\/adminisztracio\/\">Adminisztr\u00e1ci\u00f3<\/a>, <a href=\"https:\/\/teszt.autocentrumtorokbalint.hu\/wpteszt\/our_team-category\/hitelugyintezes\/\">Hitel\u00fcgyint\u00e9z\u00e9s<\/a>, <a href=\"https:\/\/teszt.autocentrumtorokbalint.hu\/wpteszt\/our_team-category\/szamlazas\/\">Sz\u00e1ml\u00e1z\u00e1s<\/a><\/span><\/div><\/div><\/div><\/div><\/article><article class=\" article-item\" data-tag=\"\" data-cat=\"it-webfejlesztes\" data-date=\"2025-12-02\" data-hits=\"\"><div class=\"uk-article uk-card   uk-card-default  uk-card-custom\"><a class=\"tz-img   uk-height-1-1 ui-post-thumbnail uk-display-block uk-card-media-top\" href=\"https:\/\/teszt.autocentrumtorokbalint.hu\/wpteszt\/our_team\/elementor-20195\/\"><img loading=\"lazy\" decoding=\"async\" width=\"1000\" height=\"1000\" src=\"https:\/\/teszt.autocentrumtorokbalint.hu\/wpteszt\/wp-content\/uploads\/2025\/12\/biri_tibor.jpg\" class=\"attachment-full size-full\" alt=\"\" srcset=\"https:\/\/teszt.autocentrumtorokbalint.hu\/wpteszt\/wp-content\/uploads\/2025\/12\/biri_tibor.jpg 1000w, https:\/\/teszt.autocentrumtorokbalint.hu\/wpteszt\/wp-content\/uploads\/2025\/12\/biri_tibor-300x300.jpg 300w, https:\/\/teszt.autocentrumtorokbalint.hu\/wpteszt\/wp-content\/uploads\/2025\/12\/biri_tibor-150x150.jpg 150w, https:\/\/teszt.autocentrumtorokbalint.hu\/wpteszt\/wp-content\/uploads\/2025\/12\/biri_tibor-768x768.jpg 768w\" sizes=\"(max-width: 1000px) 100vw, 1000px\" \/> <\/a><div class=\"ui-post-info-wrap \"><div class=\" uk-card-body\"><h3 class=\"ui-title uk-margin-remove-top uk-h3 uk-margin-remove-bottom\"><a href=\"https:\/\/teszt.autocentrumtorokbalint.hu\/wpteszt\/our_team\/elementor-20195\/\">Biri Tibor<\/a><\/h3><div class=\"ui-post-meta-middle uk-article-meta uk-margin-custom\" data-uk-margin><span class=\"ui-post-meta-category\"><a href=\"https:\/\/teszt.autocentrumtorokbalint.hu\/wpteszt\/our_team-category\/it-webfejlesztes\/\">IT, Webfejleszt\u00e9s<\/a><\/span><\/div><\/div><\/div><\/div><\/article><\/div><\/div><\/div><\/div><\/div><\/div><\/div>\t\t\t\t<\/div>\n\t\t\t\t<\/div>\n\t\t\t\t\t<\/div>\n\t\t<\/div>\n\t\t\t\t\t<\/div>\n\t\t<\/section>\n\t\t\t\t<\/div>\n\t\t","protected":false},"excerpt":{"rendered":"<p>Hitvall\u00e1sunk Az Aut\u00f3centrum T\u00f6r\u00f6kb\u00e1lint by B&amp;H nagyon egyszer\u0171 okb\u00f3l sz\u00fcletett:nem tetszett, ahogyan az aut\u00f3piac m\u0171k\u00f6dik Magyarorsz\u00e1gon. T\u00fal sok a bizonytalan el\u0151\u00e9let, a cs\u00fasztatott inform\u00e1ci\u00f3 \u00e9s a \u201ej\u00f3 lesz \u00edgy is\u201d hozz\u00e1\u00e1ll\u00e1s. Mi nem ezt akartuk k\u00f6vetni. Mi biztons\u00e1got, \u00e1tl\u00e1that\u00f3s\u00e1got \u00e9s val\u00f3di min\u0151s\u00e9get akartunk adni \u2014 \u00e9s egy olyan aut\u00f3v\u00e1s\u00e1rl\u00e1si \u00e9lm\u00e9nyt, ami ut\u00e1n j\u00f3 \u00e9rz\u00e9s be\u00fclni&hellip; <a class=\"more-link\" href=\"https:\/\/teszt.autocentrumtorokbalint.hu\/wpteszt\/tortenetunk\/\">Continue reading <span class=\"screen-reader-text\">T\u00f6rt\u00e9net\u00fcnk<\/span><\/a><\/p>\n","protected":false},"author":1,"featured_media":0,"parent":0,"menu_order":0,"comment_status":"closed","ping_status":"closed","template":"","meta":{"footnotes":""},"class_list":["post-10559","page","type-page","status-publish","hentry"],"_links":{"self":[{"href":"https:\/\/teszt.autocentrumtorokbalint.hu\/wpteszt\/wp-json\/wp\/v2\/pages\/10559","targetHints":{"allow":["GET"]}}],"collection":[{"href":"https:\/\/teszt.autocentrumtorokbalint.hu\/wpteszt\/wp-json\/wp\/v2\/pages"}],"about":[{"href":"https:\/\/teszt.autocentrumtorokbalint.hu\/wpteszt\/wp-json\/wp\/v2\/types\/page"}],"author":[{"embeddable":true,"href":"https:\/\/teszt.autocentrumtorokbalint.hu\/wpteszt\/wp-json\/wp\/v2\/users\/1"}],"replies":[{"embeddable":true,"href":"https:\/\/teszt.autocentrumtorokbalint.hu\/wpteszt\/wp-json\/wp\/v2\/comments?post=10559"}],"version-history":[{"count":0,"href":"https:\/\/teszt.autocentrumtorokbalint.hu\/wpteszt\/wp-json\/wp\/v2\/pages\/10559\/revisions"}],"wp:attachment":[{"href":"https:\/\/teszt.autocentrumtorokbalint.hu\/wpteszt\/wp-json\/wp\/v2\/media?parent=10559"}],"curies":[{"name":"wp","href":"https:\/\/api.w.org\/{rel}","templated":true}]}}